{"id":162,"date":"2021-03-02T16:59:40","date_gmt":"2021-03-02T19:59:40","guid":{"rendered":"https:\/\/www.amcconsulting.com.ar\/dev\/?page_id=162"},"modified":"2024-12-13T16:00:12","modified_gmt":"2024-12-13T19:00:12","slug":"quienes-somos","status":"publish","type":"page","link":"https:\/\/www.amcconsulting.com.ar\/?page_id=162","title":{"rendered":"Qui\u00e9nes Somos"},"content":{"rendered":"\t\t<div data-elementor-type=\"wp-page\" data-elementor-id=\"162\" class=\"elementor elementor-162\">\n\t\t\t\t\t\t<section class=\"elementor-section elementor-top-section elementor-element elementor-element-3f33290d elementor-section-full_width elementor-section-height-min-height animated-slow elementor-section-height-default elementor-section-items-middle elementor-invisible\" data-id=\"3f33290d\" data-element_type=\"section\" data-settings=\"{&quot;background_background&quot;:&quot;classic&quot;,&quot;shape_divider_bottom&quot;:&quot;opacity-tilt&quot;,&quot;animation&quot;:&quot;fadeIn&quot;,&quot;shape_divider_top&quot;:&quot;opacity-tilt&quot;}\">\n\t\t\t\t\t\t\t<div class=\"elementor-background-overlay\"><\/div>\n\t\t\t\t\t\t<div class=\"elementor-shape elementor-shape-top\" data-negative=\"false\">\n\t\t\t<svg xmlns=\"http:\/\/www.w3.org\/2000\/svg\" viewBox=\"0 0 2600 131.1\" preserveAspectRatio=\"none\">\n\t<path class=\"elementor-shape-fill\" d=\"M0 0L2600 0 2600 69.1 0 0z\"\/>\n\t<path class=\"elementor-shape-fill\" style=\"opacity:0.5\" d=\"M0 0L2600 0 2600 69.1 0 69.1z\"\/>\n\t<path class=\"elementor-shape-fill\" style=\"opacity:0.25\" d=\"M2600 0L0 0 0 130.1 2600 69.1z\"\/>\n<\/svg>\t\t<\/div>\n\t\t\t\t<div class=\"elementor-shape elementor-shape-bottom\" data-negative=\"false\">\n\t\t\t<svg xmlns=\"http:\/\/www.w3.org\/2000\/svg\" viewBox=\"0 0 2600 131.1\" preserveAspectRatio=\"none\">\n\t<path class=\"elementor-shape-fill\" d=\"M0 0L2600 0 2600 69.1 0 0z\"\/>\n\t<path class=\"elementor-shape-fill\" style=\"opacity:0.5\" d=\"M0 0L2600 0 2600 69.1 0 69.1z\"\/>\n\t<path class=\"elementor-shape-fill\" style=\"opacity:0.25\" d=\"M2600 0L0 0 0 130.1 2600 69.1z\"\/>\n<\/svg>\t\t<\/div>\n\t\t\t\t\t<div class=\"elementor-container elementor-column-gap-default\">\n\t\t\t\t\t<div class=\"elementor-column elementor-col-100 elementor-top-column elementor-element elementor-element-51e44a12\" data-id=\"51e44a12\" data-element_type=\"column\">\n\t\t\t<div class=\"elementor-widget-wrap elementor-element-populated\">\n\t\t\t\t\t\t<div class=\"elementor-element elementor-element-a7dd867 elementor-widget elementor-widget-heading\" data-id=\"a7dd867\" data-element_type=\"widget\" data-widget_type=\"heading.default\">\n\t\t\t\t<div class=\"elementor-widget-container\">\n\t\t\t\t\t<h4 class=\"elementor-heading-title elementor-size-default\">QUI\u00c9NES SOMOS<\/h4>\t\t\t\t<\/div>\n\t\t\t\t<\/div>\n\t\t\t\t\t<\/div>\n\t\t<\/div>\n\t\t\t\t\t<\/div>\n\t\t<\/section>\n\t\t\t\t<section class=\"elementor-section elementor-top-section elementor-element elementor-element-4513efc elementor-section-boxed elementor-section-height-default elementor-section-height-default\" data-id=\"4513efc\" data-element_type=\"section\">\n\t\t\t\t\t\t<div class=\"elementor-container elementor-column-gap-default\">\n\t\t\t\t\t<div class=\"elementor-column elementor-col-100 elementor-top-column elementor-element elementor-element-32bec25\" data-id=\"32bec25\" data-element_type=\"column\">\n\t\t\t<div class=\"elementor-widget-wrap elementor-element-populated\">\n\t\t\t\t\t\t<div class=\"elementor-element elementor-element-b647b58 elementor-widget elementor-widget-text-editor\" data-id=\"b647b58\" data-element_type=\"widget\" data-widget_type=\"text-editor.default\">\n\t\t\t\t<div class=\"elementor-widget-container\">\n\t\t\t\t\t\t\t\t\t<h4 id=\"historia\">HISTORIA<\/h4><p>AMC es una consultora especializada en precios de transferencia y tributaci\u00f3n argentina e internacional, compuesta por profesionales de las carreras de Contador P\u00fablico, Econom\u00eda, Comercio Internacional y Abogac\u00eda. Por m\u00e1s de 20 a\u00f1os la actividad principal de AMC ha sido la prestaci\u00f3n de servicios profesionales de consultor\u00eda en materia de precios de transferencia e impositiva. El equipo de trabajo de AMC tiene vasta experiencia en asesoramiento a compa\u00f1\u00edas multinacionales, y tambi\u00e9n ha asistido a estudios contables o jur\u00eddicos de primera l\u00ednea en Argentina en sus asuntos de precios de transferencia y tributaci\u00f3n.<\/p><p>Con el correr de los a\u00f1os, AMC ha ampliado su equipo para abarcar diversas \u00e1reas de negocio, formando profesionales capaces de prestar servicios con los m\u00e1s altos est\u00e1ndares de calidad en materia de precios de transferencia, auditor\u00eda, contabilidad, outsourcing, asuntos cambiarios y laborales, entre otros.<\/p><p><a style=\"color: #000000; text-decoration: none;\" href=\"https:\/\/www.amcconsulting.com.ar\/dev\/wp-content\/uploads\/2021\/07\/AMC-Presentacion-InstitucionalESP.pdf\" target=\"_blank\" rel=\"noopener\"><i class=\"fa fa-download\" aria-hidden=\"true\"><\/i> Presentaci\u00f3n institucional (Espa\u00f1ol)<br \/><\/a><a style=\"color: #000000; text-decoration: none;\" href=\"https:\/\/www.amcconsulting.com.ar\/dev\/wp-content\/uploads\/2021\/07\/AMC-at-a-glance-institutional-brochure.pdf\" target=\"_blank\" rel=\"noopener\"><br \/><i class=\"fa fa-download\" aria-hidden=\"true\"><\/i> AMC at a glance (English)<\/a><\/p><h4 id=\"politica\">POL\u00cdTICA<\/h4><p>En AMC hemos fijado como pol\u00edtica y buenas pr\u00e1cticas de negocio dirigir nuestros servicios \u00fanica y exclusivamente a compa\u00f1\u00edas que desarrollen transacciones internacionales, con vistas a enfocar las experiencias y capacitaci\u00f3n de nuestros equipos de trabajo en negocios que trasciendan el \u00e1mbito dom\u00e9stico, brindando servicios de consultor\u00eda y cumplimiento con profesionalismo, buscando constantemente superar las expectativas de nuestros clientes, y alent\u00e1ndolos a seguir confiando y recomendando a AMC.<\/p><p>Nos enfocamos en aportar a nuestros clientes soluciones para resolver situaciones de negocio diversas y complejas, colaborando en el dise\u00f1o de pol\u00edticas corporativas para administrar y minimizar riesgos. En AMC buscamos constantemente lograr eficiencia en la comunicaci\u00f3n e intercambio de la informaci\u00f3n con quienes contratan nuestros servicios.<\/p><p>En AMC trabajamos en equipo, en un entorno de excelente clima laboral. Como pol\u00edtica corporativa se promueve el respeto, solidaridad, empat\u00eda y generosidad entre quienes integramos AMC, transmitiendo estos mismos valores a nuestros clientes para generar un entorno de calidez y confianza en nuestras relaciones. Nos desempe\u00f1amos como Consultora Boutique especializada en precios de transferencia, con trato directo entre nuestros profesionales y clientes.<\/p><h4>MISI\u00d3N<\/h4><p>Prestar servicios profesionales que aporten verdadero valor a nuestros clientes, acompa\u00f1\u00e1ndolos en el proceso de iniciaci\u00f3n de negocios (<em>start-up<\/em>), reestructuraci\u00f3n, o cumplimiento diario en Argentina, en aras de ser su pilar de apoyo en todo momento a trav\u00e9s de un equipo de trabajo interdisciplinario con enfoque en la resoluci\u00f3n de desaf\u00edos y nuevos proyectos, resguardando la calidad de vida y bienestar personal.<\/p><h4 id=\"vision\">VISI\u00d3N<\/h4><p>Ser una compa\u00f1\u00eda ampliamente reconocida en el mercado argentino e internacional por su especializaci\u00f3n en Precios de Transferencia, aspectos tributarios y cambiarios en negocios internacionales, a la que no s\u00f3lo sus clientes sino sus colegas tengan como referente profesional.<\/p>\t\t\t\t\t\t\t\t<\/div>\n\t\t\t\t<\/div>\n\t\t\t\t\t<\/div>\n\t\t<\/div>\n\t\t\t\t\t<\/div>\n\t\t<\/section>\n\t\t\t\t<\/div>\n\t\t","protected":false},"excerpt":{"rendered":"<p>QUI\u00c9NES SOMOS HISTORIA AMC es una consultora especializada en precios de transferencia y tributaci\u00f3n argentina e internacional, compuesta por profesionales de las carreras de Contador P\u00fablico, Econom\u00eda, Comercio Internacional y Abogac\u00eda. Por m\u00e1s de 20 a\u00f1os la actividad principal de AMC ha sido la prestaci\u00f3n de servicios profesionales de consultor\u00eda en materia de precios de [&hellip;]<\/p>\n","protected":false},"author":1,"featured_media":0,"parent":0,"menu_order":0,"comment_status":"closed","ping_status":"closed","template":"elementor_header_footer","meta":{"footnotes":""},"class_list":["post-162","page","type-page","status-publish","hentry"],"_links":{"self":[{"href":"https:\/\/www.amcconsulting.com.ar\/index.php?rest_route=\/wp\/v2\/pages\/162","targetHints":{"allow":["GET"]}}],"collection":[{"href":"https:\/\/www.amcconsulting.com.ar\/index.php?rest_route=\/wp\/v2\/pages"}],"about":[{"href":"https:\/\/www.amcconsulting.com.ar\/index.php?rest_route=\/wp\/v2\/types\/page"}],"author":[{"embeddable":true,"href":"https:\/\/www.amcconsulting.com.ar\/index.php?rest_route=\/wp\/v2\/users\/1"}],"replies":[{"embeddable":true,"href":"https:\/\/www.amcconsulting.com.ar\/index.php?rest_route=%2Fwp%2Fv2%2Fcomments&post=162"}],"version-history":[{"count":101,"href":"https:\/\/www.amcconsulting.com.ar\/index.php?rest_route=\/wp\/v2\/pages\/162\/revisions"}],"predecessor-version":[{"id":1849,"href":"https:\/\/www.amcconsulting.com.ar\/index.php?rest_route=\/wp\/v2\/pages\/162\/revisions\/1849"}],"wp:attachment":[{"href":"https:\/\/www.amcconsulting.com.ar\/index.php?rest_route=%2Fwp%2Fv2%2Fmedia&parent=162"}],"curies":[{"name":"wp","href":"https:\/\/api.w.org\/{rel}","templated":true}]}}