{"id":1182,"date":"2021-07-14T16:11:46","date_gmt":"2021-07-14T19:11:46","guid":{"rendered":"https:\/\/www.amcconsulting.com.ar\/dev\/?page_id=1182"},"modified":"2025-01-16T16:19:04","modified_gmt":"2025-01-16T19:19:04","slug":"novedades","status":"publish","type":"page","link":"https:\/\/www.amcconsulting.com.ar\/?page_id=1182","title":{"rendered":"Novedades"},"content":{"rendered":"\t\t<div data-elementor-type=\"wp-page\" data-elementor-id=\"1182\" class=\"elementor elementor-1182\">\n\t\t\t\t\t\t<section class=\"elementor-section elementor-top-section elementor-element elementor-element-c530ed7 elementor-section-full_width elementor-section-height-min-height animated-slow elementor-section-height-default elementor-section-items-middle elementor-invisible\" data-id=\"c530ed7\" data-element_type=\"section\" data-settings=\"{&quot;background_background&quot;:&quot;classic&quot;,&quot;shape_divider_bottom&quot;:&quot;opacity-tilt&quot;,&quot;animation&quot;:&quot;fadeIn&quot;,&quot;shape_divider_top&quot;:&quot;opacity-tilt&quot;}\">\n\t\t\t\t\t\t\t<div class=\"elementor-background-overlay\"><\/div>\n\t\t\t\t\t\t<div class=\"elementor-shape elementor-shape-top\" data-negative=\"false\">\n\t\t\t<svg xmlns=\"http:\/\/www.w3.org\/2000\/svg\" viewBox=\"0 0 2600 131.1\" preserveAspectRatio=\"none\">\n\t<path class=\"elementor-shape-fill\" d=\"M0 0L2600 0 2600 69.1 0 0z\"\/>\n\t<path class=\"elementor-shape-fill\" style=\"opacity:0.5\" d=\"M0 0L2600 0 2600 69.1 0 69.1z\"\/>\n\t<path class=\"elementor-shape-fill\" style=\"opacity:0.25\" d=\"M2600 0L0 0 0 130.1 2600 69.1z\"\/>\n<\/svg>\t\t<\/div>\n\t\t\t\t<div class=\"elementor-shape elementor-shape-bottom\" data-negative=\"false\">\n\t\t\t<svg xmlns=\"http:\/\/www.w3.org\/2000\/svg\" viewBox=\"0 0 2600 131.1\" preserveAspectRatio=\"none\">\n\t<path class=\"elementor-shape-fill\" d=\"M0 0L2600 0 2600 69.1 0 0z\"\/>\n\t<path class=\"elementor-shape-fill\" style=\"opacity:0.5\" d=\"M0 0L2600 0 2600 69.1 0 69.1z\"\/>\n\t<path class=\"elementor-shape-fill\" style=\"opacity:0.25\" d=\"M2600 0L0 0 0 130.1 2600 69.1z\"\/>\n<\/svg>\t\t<\/div>\n\t\t\t\t\t<div class=\"elementor-container elementor-column-gap-default\">\n\t\t\t\t\t<div class=\"elementor-column elementor-col-100 elementor-top-column elementor-element elementor-element-3587a790\" data-id=\"3587a790\" data-element_type=\"column\">\n\t\t\t<div class=\"elementor-widget-wrap elementor-element-populated\">\n\t\t\t\t\t\t<div class=\"elementor-element elementor-element-60336a34 elementor-widget elementor-widget-heading\" data-id=\"60336a34\" data-element_type=\"widget\" data-widget_type=\"heading.default\">\n\t\t\t\t<div class=\"elementor-widget-container\">\n\t\t\t\t\t<h4 class=\"elementor-heading-title elementor-size-default\">\u00daLTIMAS<br>NOVEDADES<\/h4>\t\t\t\t<\/div>\n\t\t\t\t<\/div>\n\t\t\t\t\t<\/div>\n\t\t<\/div>\n\t\t\t\t\t<\/div>\n\t\t<\/section>\n\t\t\t\t<section class=\"elementor-section elementor-top-section elementor-element elementor-element-88fb2a5 elementor-section-full_width elementor-section-height-default elementor-section-height-default\" data-id=\"88fb2a5\" data-element_type=\"section\">\n\t\t\t\t\t\t<div class=\"elementor-container elementor-column-gap-default\">\n\t\t\t\t\t<div class=\"elementor-column elementor-col-100 elementor-top-column elementor-element elementor-element-60990826\" data-id=\"60990826\" data-element_type=\"column\">\n\t\t\t<div class=\"elementor-widget-wrap elementor-element-populated\">\n\t\t\t\t\t\t<div class=\"elementor-element elementor-element-3381a003 elementor-grid-4 elementor-grid-tablet-2 elementor-grid-mobile-1 elementor-widget elementor-widget-elementor-blog-posts\" data-id=\"3381a003\" data-element_type=\"widget\" data-settings=\"{&quot;columns&quot;:&quot;4&quot;,&quot;columns_tablet&quot;:&quot;2&quot;,&quot;columns_mobile&quot;:&quot;1&quot;}\" data-widget_type=\"elementor-blog-posts.default\">\n\t\t\t\t<div class=\"elementor-widget-container\">\n\t\t\t\t\t\t\t<div class=\"wpcap-grid\">\n\t\t\t\t\t\t<div class=\"wpcap-grid-container elementor-grid wpcap-grid-desktop-4 wpcap-grid-tablet-2 wpcap-grid-mobile-1\">\n\n\t\t\t\t\n        <article id=\"post-2290\" class=\"wpcap-post post-2290 post type-post status-publish format-standard has-post-thumbnail hentry category-sin-categoria\">\n         \n            <div class=\"post-grid-inner\">\n                \n                \t\t\t<div class=\"post-grid-thumbnail\">\n\t\t\t\t<a href=\"https:\/\/www.amcconsulting.com.ar\/?p=2290\">\n\t\t\t\t\t<img fetchpriority=\"high\" decoding=\"async\" width=\"600\" height=\"400\" src=\"https:\/\/www.amcconsulting.com.ar\/wp-content\/uploads\/2026\/03\/Imagen-generada_-Ola-gigante-y-oficina-empresarial-ENG-e1774041111110.png\" class=\"attachment-full size-full wp-post-image\" alt=\"\" \/>\t\t\t\t<\/a>\n\t\t\t<\/div>\n        \n                <div class=\"post-grid-text-wrap\">\n                    \t\t<div class=\"post-grid-meta\">\n\t\t\t\n\t\t\t\t<span class=\"post-date\"><time datetime=\"2026-03-20T18:32:46-03:00\">20 marzo, 2026<\/time><\/span>\n\n\t\t\t\t\t\t<\/div>\n\t\t                    \t\t<h4 class=\"title\">\n\t\t\t<a href=\"https:\/\/www.amcconsulting.com.ar\/?p=2290\">TRANSFER PRICING AND INTERNATIONAL OPERATIONS IN ARGENTINA | NEW FINES, HIGHER RISK, AND LESS ROOM FOR IMPROVISATION<\/a>\n\t\t<\/h4>\n\t\t                    \t\t<div class=\"post-grid-excerpt\">\n\t\t\t<p>The landscape has changed, and that is already becoming apparent in practice. With the update to the sanctions regime applicable as of 2026, penalties for&hellip;<\/p>\n\t\t<\/div>\n\t\t                    \t\t<a class=\"read-more-btn\" href=\"https:\/\/www.amcconsulting.com.ar\/?p=2290\">Leer M\u00e1s \u00bb<\/a>\n\t\t                <\/div>\n\n            <\/div><!-- .blog-inner -->\n           \n        <\/article>\n\n        \n        <article id=\"post-2287\" class=\"wpcap-post post-2287 post type-post status-publish format-standard has-post-thumbnail hentry category-uncategorized-es\">\n         \n            <div class=\"post-grid-inner\">\n                \n                \t\t\t<div class=\"post-grid-thumbnail\">\n\t\t\t\t<a href=\"https:\/\/www.amcconsulting.com.ar\/?p=2287\">\n\t\t\t\t\t<img decoding=\"async\" width=\"600\" height=\"400\" src=\"https:\/\/www.amcconsulting.com.ar\/wp-content\/uploads\/2026\/03\/precios_transferencia_sin_raya-e1774041021471.jpg\" class=\"attachment-full size-full wp-post-image\" alt=\"\" \/>\t\t\t\t<\/a>\n\t\t\t<\/div>\n        \n                <div class=\"post-grid-text-wrap\">\n                    \t\t<div class=\"post-grid-meta\">\n\t\t\t\n\t\t\t\t<span class=\"post-date\"><time datetime=\"2026-03-20T18:15:02-03:00\">20 marzo, 2026<\/time><\/span>\n\n\t\t\t\t\t\t<\/div>\n\t\t                    \t\t<h4 class=\"title\">\n\t\t\t<a href=\"https:\/\/www.amcconsulting.com.ar\/?p=2287\">PRECIOS DE TRANSFERENCIA Y OPERACIONES INTERNACIONALES EN ARGENTINA | NUEVAS MULTAS, M\u00c1S RIESGO Y MENOS MARGEN PARA IMPROVISAR<\/a>\n\t\t<\/h4>\n\t\t                    \t\t<div class=\"post-grid-excerpt\">\n\t\t\t<p>El escenario cambi\u00f3, y eso ya se empieza a notar en la pr\u00e1ctica. Con la actualizaci\u00f3n del r\u00e9gimen sancionatorio aplicable a partir de 2026, las&hellip;<\/p>\n\t\t<\/div>\n\t\t                    \t\t<a class=\"read-more-btn\" href=\"https:\/\/www.amcconsulting.com.ar\/?p=2287\">Leer M\u00e1s \u00bb<\/a>\n\t\t                <\/div>\n\n            <\/div><!-- .blog-inner -->\n           \n        <\/article>\n\n        \n        <article id=\"post-2278\" class=\"wpcap-post post-2278 post type-post status-publish format-standard has-post-thumbnail hentry category-sin-categoria\">\n         \n            <div class=\"post-grid-inner\">\n                \n                \t\t\t<div class=\"post-grid-thumbnail\">\n\t\t\t\t<a href=\"https:\/\/www.amcconsulting.com.ar\/?p=2278\">\n\t\t\t\t\t<img decoding=\"async\" width=\"600\" height=\"400\" src=\"https:\/\/www.amcconsulting.com.ar\/wp-content\/uploads\/2025\/12\/compliance-e1766415032276.jpg\" class=\"attachment-full size-full wp-post-image\" alt=\"\" srcset=\"https:\/\/www.amcconsulting.com.ar\/wp-content\/uploads\/2025\/12\/compliance-e1766415032276.jpg 600w, https:\/\/www.amcconsulting.com.ar\/wp-content\/uploads\/2025\/12\/compliance-e1766415032276-300x200.jpg 300w\" sizes=\"(max-width: 600px) 100vw, 600px\" \/>\t\t\t\t<\/a>\n\t\t\t<\/div>\n        \n                <div class=\"post-grid-text-wrap\">\n                    \t\t<div class=\"post-grid-meta\">\n\t\t\t\n\t\t\t\t<span class=\"post-date\"><time datetime=\"2025-12-18T17:46:10-03:00\">18 diciembre, 2025<\/time><\/span>\n\n\t\t\t\t\t\t<\/div>\n\t\t                    \t\t<h4 class=\"title\">\n\t\t\t<a href=\"https:\/\/www.amcconsulting.com.ar\/?p=2278\">TRANSFER PRICING: KEY INSIGHTS FROM THE NEW GR 5798\/2025<\/a>\n\t\t<\/h4>\n\t\t                    \t\t<div class=\"post-grid-excerpt\">\n\t\t\t<p>ARCA has issued the General Resolution (GR) No. 5798\/2025, which increases the thresholds applicable to Transfer Pricing (TP) obligations and updates certain formal aspects related&hellip;<\/p>\n\t\t<\/div>\n\t\t                    \t\t<a class=\"read-more-btn\" href=\"https:\/\/www.amcconsulting.com.ar\/?p=2278\">Leer M\u00e1s \u00bb<\/a>\n\t\t                <\/div>\n\n            <\/div><!-- .blog-inner -->\n           \n        <\/article>\n\n        \n        <article id=\"post-2276\" class=\"wpcap-post post-2276 post type-post status-publish format-standard has-post-thumbnail hentry category-uncategorized-es\">\n         \n            <div class=\"post-grid-inner\">\n                \n                \t\t\t<div class=\"post-grid-thumbnail\">\n\t\t\t\t<a href=\"https:\/\/www.amcconsulting.com.ar\/?p=2276\">\n\t\t\t\t\t<img decoding=\"async\" width=\"600\" height=\"400\" src=\"https:\/\/www.amcconsulting.com.ar\/wp-content\/uploads\/2025\/12\/compliance-e1766415032276.jpg\" class=\"attachment-full size-full wp-post-image\" alt=\"\" srcset=\"https:\/\/www.amcconsulting.com.ar\/wp-content\/uploads\/2025\/12\/compliance-e1766415032276.jpg 600w, https:\/\/www.amcconsulting.com.ar\/wp-content\/uploads\/2025\/12\/compliance-e1766415032276-300x200.jpg 300w\" sizes=\"(max-width: 600px) 100vw, 600px\" \/>\t\t\t\t<\/a>\n\t\t\t<\/div>\n        \n                <div class=\"post-grid-text-wrap\">\n                    \t\t<div class=\"post-grid-meta\">\n\t\t\t\n\t\t\t\t<span class=\"post-date\"><time datetime=\"2025-12-18T17:44:14-03:00\">18 diciembre, 2025<\/time><\/span>\n\n\t\t\t\t\t\t<\/div>\n\t\t                    \t\t<h4 class=\"title\">\n\t\t\t<a href=\"https:\/\/www.amcconsulting.com.ar\/?p=2276\">PRECIOS DE TRANSFERENCIA: CLAVES DE LA NUEVA RG 5798\/2025<\/a>\n\t\t<\/h4>\n\t\t                    \t\t<div class=\"post-grid-excerpt\">\n\t\t\t<p>ARCA public\u00f3 la Resoluci\u00f3n General (RG) 5798\/2025 que eleva los umbrales para las obligaciones de Precios de Transferencia (PTR) y actualiza aspectos formales relacionados con&hellip;<\/p>\n\t\t<\/div>\n\t\t                    \t\t<a class=\"read-more-btn\" href=\"https:\/\/www.amcconsulting.com.ar\/?p=2276\">Leer M\u00e1s \u00bb<\/a>\n\t\t                <\/div>\n\n            <\/div><!-- .blog-inner -->\n           \n        <\/article>\n\n        \n\t\t\t<\/div>\n\t\t<\/div>\n\t\t\t\t\t\t<\/div>\n\t\t\t\t<\/div>\n\t\t\t\t\t<\/div>\n\t\t<\/div>\n\t\t\t\t\t<\/div>\n\t\t<\/section>\n\t\t\t\t<\/div>\n\t\t","protected":false},"excerpt":{"rendered":"<p>\u00daLTIMASNOVEDADES 22 junio, 2021 IMPLEMENTACI\u00d3N DEL R\u00c9GIMEN SIMPLIFICADO DE OPERACIONES INTERNACIONALES Y MODIFICACIONES A LA RG AFIP 4.717\/2020 El pasado 18 de junio de 2021 se public\u00f3 en el Bolet\u00edn Oficial la Resoluci\u00f3n General de la Administraci\u00f3n Federal de Ingresos P\u00fablicos (\u201cAFIP\u201d) 5.010\/2021 (\u201cRG 5.010\u201d), aplicable a ejercicios fiscales con cierre 31 de diciembre de [&hellip;]<\/p>\n","protected":false},"author":1,"featured_media":0,"parent":0,"menu_order":0,"comment_status":"closed","ping_status":"closed","template":"elementor_header_footer","meta":{"footnotes":""},"class_list":["post-1182","page","type-page","status-publish","hentry"],"_links":{"self":[{"href":"https:\/\/www.amcconsulting.com.ar\/index.php?rest_route=\/wp\/v2\/pages\/1182","targetHints":{"allow":["GET"]}}],"collection":[{"href":"https:\/\/www.amcconsulting.com.ar\/index.php?rest_route=\/wp\/v2\/pages"}],"about":[{"href":"https:\/\/www.amcconsulting.com.ar\/index.php?rest_route=\/wp\/v2\/types\/page"}],"author":[{"embeddable":true,"href":"https:\/\/www.amcconsulting.com.ar\/index.php?rest_route=\/wp\/v2\/users\/1"}],"replies":[{"embeddable":true,"href":"https:\/\/www.amcconsulting.com.ar\/index.php?rest_route=%2Fwp%2Fv2%2Fcomments&post=1182"}],"version-history":[{"count":37,"href":"https:\/\/www.amcconsulting.com.ar\/index.php?rest_route=\/wp\/v2\/pages\/1182\/revisions"}],"predecessor-version":[{"id":2017,"href":"https:\/\/www.amcconsulting.com.ar\/index.php?rest_route=\/wp\/v2\/pages\/1182\/revisions\/2017"}],"wp:attachment":[{"href":"https:\/\/www.amcconsulting.com.ar\/index.php?rest_route=%2Fwp%2Fv2%2Fmedia&parent=1182"}],"curies":[{"name":"wp","href":"https:\/\/api.w.org\/{rel}","templated":true}]}}