{"id":1063,"date":"2021-05-12T18:52:45","date_gmt":"2021-05-12T21:52:45","guid":{"rendered":"https:\/\/www.amcconsulting.com.ar\/dev\/?page_id=1063"},"modified":"2021-07-14T15:50:50","modified_gmt":"2021-07-14T18:50:50","slug":"impuestos","status":"publish","type":"page","link":"https:\/\/www.amcconsulting.com.ar\/?page_id=1063","title":{"rendered":"Impuestos"},"content":{"rendered":"\t\t<div data-elementor-type=\"wp-page\" data-elementor-id=\"1063\" class=\"elementor elementor-1063\">\n\t\t\t\t\t\t<section class=\"elementor-section elementor-top-section elementor-element elementor-element-50a85df2 elementor-section-full_width elementor-section-height-min-height animated-slow elementor-section-height-default elementor-section-items-middle elementor-invisible\" data-id=\"50a85df2\" data-element_type=\"section\" data-settings=\"{&quot;background_background&quot;:&quot;classic&quot;,&quot;shape_divider_bottom&quot;:&quot;opacity-tilt&quot;,&quot;animation&quot;:&quot;fadeIn&quot;,&quot;shape_divider_top&quot;:&quot;opacity-tilt&quot;}\">\n\t\t\t\t\t\t\t<div class=\"elementor-background-overlay\"><\/div>\n\t\t\t\t\t\t<div class=\"elementor-shape elementor-shape-top\" data-negative=\"false\">\n\t\t\t<svg xmlns=\"http:\/\/www.w3.org\/2000\/svg\" viewBox=\"0 0 2600 131.1\" preserveAspectRatio=\"none\">\n\t<path class=\"elementor-shape-fill\" d=\"M0 0L2600 0 2600 69.1 0 0z\"\/>\n\t<path class=\"elementor-shape-fill\" style=\"opacity:0.5\" d=\"M0 0L2600 0 2600 69.1 0 69.1z\"\/>\n\t<path class=\"elementor-shape-fill\" style=\"opacity:0.25\" d=\"M2600 0L0 0 0 130.1 2600 69.1z\"\/>\n<\/svg>\t\t<\/div>\n\t\t\t\t<div class=\"elementor-shape elementor-shape-bottom\" data-negative=\"false\">\n\t\t\t<svg xmlns=\"http:\/\/www.w3.org\/2000\/svg\" viewBox=\"0 0 2600 131.1\" preserveAspectRatio=\"none\">\n\t<path class=\"elementor-shape-fill\" d=\"M0 0L2600 0 2600 69.1 0 0z\"\/>\n\t<path class=\"elementor-shape-fill\" style=\"opacity:0.5\" d=\"M0 0L2600 0 2600 69.1 0 69.1z\"\/>\n\t<path class=\"elementor-shape-fill\" style=\"opacity:0.25\" d=\"M2600 0L0 0 0 130.1 2600 69.1z\"\/>\n<\/svg>\t\t<\/div>\n\t\t\t\t\t<div class=\"elementor-container elementor-column-gap-default\">\n\t\t\t\t\t<div class=\"elementor-column elementor-col-100 elementor-top-column elementor-element elementor-element-33351543\" data-id=\"33351543\" data-element_type=\"column\">\n\t\t\t<div class=\"elementor-widget-wrap elementor-element-populated\">\n\t\t\t\t\t\t<div class=\"elementor-element elementor-element-7a63745b elementor-widget elementor-widget-heading\" data-id=\"7a63745b\" data-element_type=\"widget\" data-widget_type=\"heading.default\">\n\t\t\t\t<div class=\"elementor-widget-container\">\n\t\t\t\t\t<h4 class=\"elementor-heading-title elementor-size-default\">IMPUESTOS<\/h4>\t\t\t\t<\/div>\n\t\t\t\t<\/div>\n\t\t\t\t\t<\/div>\n\t\t<\/div>\n\t\t\t\t\t<\/div>\n\t\t<\/section>\n\t\t\t\t<section class=\"elementor-section elementor-top-section elementor-element elementor-element-58c6c958 elementor-section-boxed elementor-section-height-default elementor-section-height-default\" data-id=\"58c6c958\" data-element_type=\"section\">\n\t\t\t\t\t\t<div class=\"elementor-container elementor-column-gap-default\">\n\t\t\t\t\t<div class=\"elementor-column elementor-col-100 elementor-top-column elementor-element elementor-element-3eec842f\" data-id=\"3eec842f\" data-element_type=\"column\">\n\t\t\t<div class=\"elementor-widget-wrap elementor-element-populated\">\n\t\t\t\t\t\t<div class=\"elementor-element elementor-element-3fd14fc6 elementor-widget elementor-widget-text-editor\" data-id=\"3fd14fc6\" data-element_type=\"widget\" data-widget_type=\"text-editor.default\">\n\t\t\t\t<div class=\"elementor-widget-container\">\n\t\t\t\t\t\t\t\t\t<p><strong>Nuestro equipo de trabajo tiene amplia experiencia y ha asesorado a compa\u00f1\u00edas multinacionales en la preparaci\u00f3n de:<br \/><\/strong><\/p><ul class=\"bulletcuadrado\"><li>Cumplimiento | Declaraciones Juradas<\/li><li>Auditor\u00edas fiscales | Atenci\u00f3n | Defensa<\/li><li>Reintegros de IVA por Exportaci\u00f3n<\/li><li>Reg\u00edmenes de Informaci\u00f3n | Retenci\u00f3n | Percepci\u00f3n<\/li><li>Planificaci\u00f3n Tributaria Nacional e Internacional<\/li><li>Aplicaci\u00f3n de Convenios de Doble Imposici\u00f3n<\/li><li>Consultor\u00eda | Opiniones<\/li><\/ul><p>\u00a0<\/p>\t\t\t\t\t\t\t\t<\/div>\n\t\t\t\t<\/div>\n\t\t\t\t\t<\/div>\n\t\t<\/div>\n\t\t\t\t\t<\/div>\n\t\t<\/section>\n\t\t\t\t<\/div>\n\t\t","protected":false},"excerpt":{"rendered":"<p>IMPUESTOS Nuestro equipo de trabajo tiene amplia experiencia y ha asesorado a compa\u00f1\u00edas multinacionales en la preparaci\u00f3n de: Cumplimiento | Declaraciones Juradas Auditor\u00edas fiscales | Atenci\u00f3n | Defensa Reintegros de IVA por Exportaci\u00f3n Reg\u00edmenes de Informaci\u00f3n | Retenci\u00f3n | Percepci\u00f3n Planificaci\u00f3n Tributaria Nacional e Internacional Aplicaci\u00f3n de Convenios de Doble Imposici\u00f3n Consultor\u00eda | Opiniones \u00a0<\/p>\n","protected":false},"author":1,"featured_media":0,"parent":828,"menu_order":0,"comment_status":"closed","ping_status":"closed","template":"elementor_header_footer","meta":{"footnotes":""},"class_list":["post-1063","page","type-page","status-publish","hentry"],"_links":{"self":[{"href":"https:\/\/www.amcconsulting.com.ar\/index.php?rest_route=\/wp\/v2\/pages\/1063","targetHints":{"allow":["GET"]}}],"collection":[{"href":"https:\/\/www.amcconsulting.com.ar\/index.php?rest_route=\/wp\/v2\/pages"}],"about":[{"href":"https:\/\/www.amcconsulting.com.ar\/index.php?rest_route=\/wp\/v2\/types\/page"}],"author":[{"embeddable":true,"href":"https:\/\/www.amcconsulting.com.ar\/index.php?rest_route=\/wp\/v2\/users\/1"}],"replies":[{"embeddable":true,"href":"https:\/\/www.amcconsulting.com.ar\/index.php?rest_route=%2Fwp%2Fv2%2Fcomments&post=1063"}],"version-history":[{"count":7,"href":"https:\/\/www.amcconsulting.com.ar\/index.php?rest_route=\/wp\/v2\/pages\/1063\/revisions"}],"predecessor-version":[{"id":1175,"href":"https:\/\/www.amcconsulting.com.ar\/index.php?rest_route=\/wp\/v2\/pages\/1063\/revisions\/1175"}],"up":[{"embeddable":true,"href":"https:\/\/www.amcconsulting.com.ar\/index.php?rest_route=\/wp\/v2\/pages\/828"}],"wp:attachment":[{"href":"https:\/\/www.amcconsulting.com.ar\/index.php?rest_route=%2Fwp%2Fv2%2Fmedia&parent=1063"}],"curies":[{"name":"wp","href":"https:\/\/api.w.org\/{rel}","templated":true}]}}