{"id":1062,"date":"2021-05-12T18:52:43","date_gmt":"2021-05-12T21:52:43","guid":{"rendered":"https:\/\/www.amcconsulting.com.ar\/dev\/?page_id=1062"},"modified":"2024-12-12T17:16:06","modified_gmt":"2024-12-12T20:16:06","slug":"precios-de-transferencia","status":"publish","type":"page","link":"https:\/\/www.amcconsulting.com.ar\/?page_id=1062","title":{"rendered":"Precios de Transferencia"},"content":{"rendered":"\t\t<div data-elementor-type=\"wp-page\" data-elementor-id=\"1062\" class=\"elementor elementor-1062\">\n\t\t\t\t\t\t<section class=\"elementor-section elementor-top-section elementor-element elementor-element-50a85df2 elementor-section-full_width elementor-section-height-min-height animated-slow elementor-section-height-default elementor-section-items-middle elementor-invisible\" data-id=\"50a85df2\" data-element_type=\"section\" data-settings=\"{&quot;background_background&quot;:&quot;classic&quot;,&quot;shape_divider_bottom&quot;:&quot;opacity-tilt&quot;,&quot;animation&quot;:&quot;fadeIn&quot;,&quot;shape_divider_top&quot;:&quot;opacity-tilt&quot;}\">\n\t\t\t\t\t\t\t<div class=\"elementor-background-overlay\"><\/div>\n\t\t\t\t\t\t<div class=\"elementor-shape elementor-shape-top\" data-negative=\"false\">\n\t\t\t<svg xmlns=\"http:\/\/www.w3.org\/2000\/svg\" viewBox=\"0 0 2600 131.1\" preserveAspectRatio=\"none\">\n\t<path class=\"elementor-shape-fill\" d=\"M0 0L2600 0 2600 69.1 0 0z\"\/>\n\t<path class=\"elementor-shape-fill\" style=\"opacity:0.5\" d=\"M0 0L2600 0 2600 69.1 0 69.1z\"\/>\n\t<path class=\"elementor-shape-fill\" style=\"opacity:0.25\" d=\"M2600 0L0 0 0 130.1 2600 69.1z\"\/>\n<\/svg>\t\t<\/div>\n\t\t\t\t<div class=\"elementor-shape elementor-shape-bottom\" data-negative=\"false\">\n\t\t\t<svg xmlns=\"http:\/\/www.w3.org\/2000\/svg\" viewBox=\"0 0 2600 131.1\" preserveAspectRatio=\"none\">\n\t<path class=\"elementor-shape-fill\" d=\"M0 0L2600 0 2600 69.1 0 0z\"\/>\n\t<path class=\"elementor-shape-fill\" style=\"opacity:0.5\" d=\"M0 0L2600 0 2600 69.1 0 69.1z\"\/>\n\t<path class=\"elementor-shape-fill\" style=\"opacity:0.25\" d=\"M2600 0L0 0 0 130.1 2600 69.1z\"\/>\n<\/svg>\t\t<\/div>\n\t\t\t\t\t<div class=\"elementor-container elementor-column-gap-default\">\n\t\t\t\t\t<div class=\"elementor-column elementor-col-100 elementor-top-column elementor-element elementor-element-33351543\" data-id=\"33351543\" data-element_type=\"column\">\n\t\t\t<div class=\"elementor-widget-wrap elementor-element-populated\">\n\t\t\t\t\t\t<div class=\"elementor-element elementor-element-7a63745b elementor-widget elementor-widget-heading\" data-id=\"7a63745b\" data-element_type=\"widget\" data-widget_type=\"heading.default\">\n\t\t\t\t<div class=\"elementor-widget-container\">\n\t\t\t\t\t<h4 class=\"elementor-heading-title elementor-size-default\">PRECIOS DE TRANSFERENCIA<\/h4>\t\t\t\t<\/div>\n\t\t\t\t<\/div>\n\t\t\t\t\t<\/div>\n\t\t<\/div>\n\t\t\t\t\t<\/div>\n\t\t<\/section>\n\t\t\t\t<section class=\"elementor-section elementor-top-section elementor-element elementor-element-58c6c958 elementor-section-boxed elementor-section-height-default elementor-section-height-default\" data-id=\"58c6c958\" data-element_type=\"section\">\n\t\t\t\t\t\t<div class=\"elementor-container elementor-column-gap-default\">\n\t\t\t\t\t<div class=\"elementor-column elementor-col-100 elementor-top-column elementor-element elementor-element-3eec842f\" data-id=\"3eec842f\" data-element_type=\"column\">\n\t\t\t<div class=\"elementor-widget-wrap elementor-element-populated\">\n\t\t\t\t\t\t<div class=\"elementor-element elementor-element-3fd14fc6 elementor-widget elementor-widget-text-editor\" data-id=\"3fd14fc6\" data-element_type=\"widget\" data-widget_type=\"text-editor.default\">\n\t\t\t\t<div class=\"elementor-widget-container\">\n\t\t\t\t\t\t\t\t\t<p><strong>Brindamos servicios integrales de Cumplimiento de Precios de Transferencia (PTR) en cada jurisdicci\u00f3n, guiando a los clientes a trav\u00e9s de todo el proceso hasta la presentaci\u00f3n:<\/strong><\/p><ul><li>Declaraciones Juradas de PTR<\/li><li>Informes de PTR \/ Archivos Locales<\/li><li>Informes Maestros (incluyendo traducci\u00f3n al espa\u00f1ol)<\/li><li>Presentaci\u00f3n de Informes Pa\u00eds por Pa\u00eds<\/li><li>Presentaci\u00f3n y asistencia en asuntos procesales y tr\u00e1mites (a pedido)<\/li><\/ul><p><strong>Asesor\u00eda de Precios de Transferencia:<\/strong><\/p><ul><li>Pol\u00edticas de PTR<\/li><li>Benchmarking<\/li><li>Revisi\u00f3n de contratos desde la perspectiva de PTR<\/li><li>Due Diligence<\/li><li>Valuaciones<\/li><li>Activos Intangibles<\/li><li>Evaluaciones de riesgos<\/li><li>Segundas opiniones<\/li><li>Perito de parte<\/li><li>Auditor\u00edas de PTR y cuestiones de procedimiento<\/li><\/ul>\t\t\t\t\t\t\t\t<\/div>\n\t\t\t\t<\/div>\n\t\t\t\t\t<\/div>\n\t\t<\/div>\n\t\t\t\t\t<\/div>\n\t\t<\/section>\n\t\t\t\t<\/div>\n\t\t","protected":false},"excerpt":{"rendered":"<p>PRECIOS DE TRANSFERENCIA Brindamos servicios integrales de Cumplimiento de Precios de Transferencia (PTR) en cada jurisdicci\u00f3n, guiando a los clientes a trav\u00e9s de todo el proceso hasta la presentaci\u00f3n: Declaraciones Juradas de PTR Informes de PTR \/ Archivos Locales Informes Maestros (incluyendo traducci\u00f3n al espa\u00f1ol) Presentaci\u00f3n de Informes Pa\u00eds por Pa\u00eds Presentaci\u00f3n y asistencia en [&hellip;]<\/p>\n","protected":false},"author":1,"featured_media":0,"parent":828,"menu_order":0,"comment_status":"closed","ping_status":"closed","template":"elementor_header_footer","meta":{"footnotes":""},"class_list":["post-1062","page","type-page","status-publish","hentry"],"_links":{"self":[{"href":"https:\/\/www.amcconsulting.com.ar\/index.php?rest_route=\/wp\/v2\/pages\/1062","targetHints":{"allow":["GET"]}}],"collection":[{"href":"https:\/\/www.amcconsulting.com.ar\/index.php?rest_route=\/wp\/v2\/pages"}],"about":[{"href":"https:\/\/www.amcconsulting.com.ar\/index.php?rest_route=\/wp\/v2\/types\/page"}],"author":[{"embeddable":true,"href":"https:\/\/www.amcconsulting.com.ar\/index.php?rest_route=\/wp\/v2\/users\/1"}],"replies":[{"embeddable":true,"href":"https:\/\/www.amcconsulting.com.ar\/index.php?rest_route=%2Fwp%2Fv2%2Fcomments&post=1062"}],"version-history":[{"count":13,"href":"https:\/\/www.amcconsulting.com.ar\/index.php?rest_route=\/wp\/v2\/pages\/1062\/revisions"}],"predecessor-version":[{"id":1624,"href":"https:\/\/www.amcconsulting.com.ar\/index.php?rest_route=\/wp\/v2\/pages\/1062\/revisions\/1624"}],"up":[{"embeddable":true,"href":"https:\/\/www.amcconsulting.com.ar\/index.php?rest_route=\/wp\/v2\/pages\/828"}],"wp:attachment":[{"href":"https:\/\/www.amcconsulting.com.ar\/index.php?rest_route=%2Fwp%2Fv2%2Fmedia&parent=1062"}],"curies":[{"name":"wp","href":"https:\/\/api.w.org\/{rel}","templated":true}]}}